{"id":3163,"date":"2016-10-09T23:20:08","date_gmt":"2016-10-09T21:20:08","guid":{"rendered":"https:\/\/shop.kontaktil.tirol\/product\/prachtstueck-key-chain\/"},"modified":"2026-02-05T14:22:04","modified_gmt":"2026-02-05T13:22:04","slug":"prachtstueck-key-chain","status":"publish","type":"product","link":"https:\/\/www.kontaktil.com\/en\/product\/prachtstueck-key-chain\/","title":{"rendered":"Prachtst\u00fcck Key Chain"},"content":{"rendered":"<p>Drawing inspiration from hiking tours in the Tyrolean mountains, Viola Hofer creates her designs in her atelier in Innsbruck where the felt products also undergo a high-quality screen printing process.<\/p>\n","protected":false},"excerpt":{"rendered":"<p>Felt accessory 100% sheep\u2019s wool<br \/>\n&#8211; colour: olive green<br \/>\n&#8211; oval shape of approx. 65mm x 53mm<br \/>\n&#8211; cable key ring with screw locking<br \/>\n&#8211; not suitable for heavy key chains<\/p>\n","protected":false},"featured_media":3641,"template":"","meta":[],"product_brand":[],"product_cat":[241],"product_tag":[280,270,301,288],"class_list":{"0":"post-3163","1":"product","2":"type-product","3":"status-publish","4":"has-post-thumbnail","6":"product_cat-key-chains","7":"product_tag-deer","8":"product_tag-felt","9":"product_tag-green","10":"product_tag-prachtstueck-en","12":"first","13":"instock","14":"taxable","15":"shipping-taxable","16":"purchasable","17":"product-type-simple"},"yoast_head":"<!-- This site is optimized with the Yoast SEO plugin v25.2 - https:\/\/yoast.com\/wordpress\/plugins\/seo\/ -->\n<title>Prachtst\u00fcck Key Chain aus Tirol - Shop - KONTAKTIL<\/title>\n<meta name=\"description\" content=\"The funny Prachtst\u00fcck Key Chain keeps a watchful eye on your keys. Discover the whole collection with Tyrolean animal designs by Kontaktil.\" \/>\n<meta name=\"robots\" content=\"index, follow, max-snippet:-1, max-image-preview:large, max-video-preview:-1\" \/>\n<link rel=\"canonical\" href=\"https:\/\/www.kontaktil.com\/en\/product\/prachtstueck-key-chain\/\" \/>\n<script type=\"application\/ld+json\" class=\"yoast-schema-graph\">{\"@context\":\"https:\/\/schema.org\",\"@graph\":[{\"@type\":\"WebPage\",\"@id\":\"https:\/\/www.kontaktil.com\/en\/product\/prachtstueck-key-chain\/\",\"url\":\"https:\/\/www.kontaktil.com\/en\/product\/prachtstueck-key-chain\/\",\"name\":\"Prachtst\u00fcck Key Chain aus Tirol - Shop - KONTAKTIL\",\"isPartOf\":{\"@id\":\"https:\/\/www.kontaktil.com\/en\/#website\"},\"primaryImageOfPage\":{\"@id\":\"https:\/\/www.kontaktil.com\/en\/product\/prachtstueck-key-chain\/#primaryimage\"},\"image\":{\"@id\":\"https:\/\/www.kontaktil.com\/en\/product\/prachtstueck-key-chain\/#primaryimage\"},\"thumbnailUrl\":\"https:\/\/www.kontaktil.com\/wp-content\/uploads\/2016\/10\/schluesselanhaenger-prachtstueck-s1.jpg\",\"datePublished\":\"2016-10-09T21:20:08+00:00\",\"dateModified\":\"2026-02-05T13:22:04+00:00\",\"description\":\"The funny Prachtst\u00fcck Key Chain keeps a watchful eye on your keys. Discover the whole collection with Tyrolean animal designs by Kontaktil.\",\"breadcrumb\":{\"@id\":\"https:\/\/www.kontaktil.com\/en\/product\/prachtstueck-key-chain\/#breadcrumb\"},\"inLanguage\":\"en\",\"potentialAction\":[{\"@type\":\"ReadAction\",\"target\":[\"https:\/\/www.kontaktil.com\/en\/product\/prachtstueck-key-chain\/\"]}]},{\"@type\":\"ImageObject\",\"inLanguage\":\"en\",\"@id\":\"https:\/\/www.kontaktil.com\/en\/product\/prachtstueck-key-chain\/#primaryimage\",\"url\":\"https:\/\/www.kontaktil.com\/wp-content\/uploads\/2016\/10\/schluesselanhaenger-prachtstueck-s1.jpg\",\"contentUrl\":\"https:\/\/www.kontaktil.com\/wp-content\/uploads\/2016\/10\/schluesselanhaenger-prachtstueck-s1.jpg\",\"width\":1500,\"height\":1500,\"caption\":\"Schl\u00fcsselanh\u00e4nger Filz Tier Design Tirol Wolle Hirsch Geschenk J\u00e4ger F\u00f6rster\"},{\"@type\":\"BreadcrumbList\",\"@id\":\"https:\/\/www.kontaktil.com\/en\/product\/prachtstueck-key-chain\/#breadcrumb\",\"itemListElement\":[{\"@type\":\"ListItem\",\"position\":1,\"name\":\"Shop\",\"item\":\"https:\/\/www.kontaktil.com\/en\/\"},{\"@type\":\"ListItem\",\"position\":2,\"name\":\"Shop\",\"item\":\"https:\/\/www.kontaktil.com\/en\/shop-2\/\"},{\"@type\":\"ListItem\",\"position\":3,\"name\":\"Accessories\",\"item\":\"https:\/\/www.kontaktil.com\/en\/product-category\/accessories\/\"},{\"@type\":\"ListItem\",\"position\":4,\"name\":\"Key chains\",\"item\":\"https:\/\/www.kontaktil.com\/en\/product-category\/accessories\/key-chains\/\"},{\"@type\":\"ListItem\",\"position\":5,\"name\":\"Prachtst\u00fcck Key Chain\"}]},{\"@type\":\"WebSite\",\"@id\":\"https:\/\/www.kontaktil.com\/en\/#website\",\"url\":\"https:\/\/www.kontaktil.com\/en\/\",\"name\":\"KONTAKTIL...\",\"description\":\"Webshop\",\"publisher\":{\"@id\":\"https:\/\/www.kontaktil.com\/en\/#organization\"},\"potentialAction\":[{\"@type\":\"SearchAction\",\"target\":{\"@type\":\"EntryPoint\",\"urlTemplate\":\"https:\/\/www.kontaktil.com\/en\/?s={search_term_string}\"},\"query-input\":{\"@type\":\"PropertyValueSpecification\",\"valueRequired\":true,\"valueName\":\"search_term_string\"}}],\"inLanguage\":\"en\"},{\"@type\":\"Organization\",\"@id\":\"https:\/\/www.kontaktil.com\/en\/#organization\",\"name\":\"KONTAKTIL\",\"url\":\"https:\/\/www.kontaktil.com\/en\/\",\"logo\":{\"@type\":\"ImageObject\",\"inLanguage\":\"en\",\"@id\":\"https:\/\/www.kontaktil.com\/en\/#\/schema\/logo\/image\/\",\"url\":\"https:\/\/www.kontaktil.com\/wp-content\/uploads\/2017\/02\/Kontaktil-Textile-Feinheiten-Innsbruck.jpg\",\"contentUrl\":\"https:\/\/www.kontaktil.com\/wp-content\/uploads\/2017\/02\/Kontaktil-Textile-Feinheiten-Innsbruck.jpg\",\"width\":1800,\"height\":1800,\"caption\":\"KONTAKTIL\"},\"image\":{\"@id\":\"https:\/\/www.kontaktil.com\/en\/#\/schema\/logo\/image\/\"},\"sameAs\":[\"https:\/\/www.facebook.com\/kontaktil\/\"]}]}<\/script>\n<!-- \/ Yoast SEO plugin. -->","yoast_head_json":{"title":"Prachtst\u00fcck Key Chain aus Tirol - Shop - KONTAKTIL","description":"The funny Prachtst\u00fcck Key Chain keeps a watchful eye on your keys. Discover the whole collection with Tyrolean animal designs by Kontaktil.","robots":{"index":"index","follow":"follow","max-snippet":"max-snippet:-1","max-image-preview":"max-image-preview:large","max-video-preview":"max-video-preview:-1"},"canonical":"https:\/\/www.kontaktil.com\/en\/product\/prachtstueck-key-chain\/","schema":{"@context":"https:\/\/schema.org","@graph":[{"@type":"WebPage","@id":"https:\/\/www.kontaktil.com\/en\/product\/prachtstueck-key-chain\/","url":"https:\/\/www.kontaktil.com\/en\/product\/prachtstueck-key-chain\/","name":"Prachtst\u00fcck Key Chain aus Tirol - Shop - KONTAKTIL","isPartOf":{"@id":"https:\/\/www.kontaktil.com\/en\/#website"},"primaryImageOfPage":{"@id":"https:\/\/www.kontaktil.com\/en\/product\/prachtstueck-key-chain\/#primaryimage"},"image":{"@id":"https:\/\/www.kontaktil.com\/en\/product\/prachtstueck-key-chain\/#primaryimage"},"thumbnailUrl":"https:\/\/www.kontaktil.com\/wp-content\/uploads\/2016\/10\/schluesselanhaenger-prachtstueck-s1.jpg","datePublished":"2016-10-09T21:20:08+00:00","dateModified":"2026-02-05T13:22:04+00:00","description":"The funny Prachtst\u00fcck Key Chain keeps a watchful eye on your keys. Discover the whole collection with Tyrolean animal designs by Kontaktil.","breadcrumb":{"@id":"https:\/\/www.kontaktil.com\/en\/product\/prachtstueck-key-chain\/#breadcrumb"},"inLanguage":"en","potentialAction":[{"@type":"ReadAction","target":["https:\/\/www.kontaktil.com\/en\/product\/prachtstueck-key-chain\/"]}]},{"@type":"ImageObject","inLanguage":"en","@id":"https:\/\/www.kontaktil.com\/en\/product\/prachtstueck-key-chain\/#primaryimage","url":"https:\/\/www.kontaktil.com\/wp-content\/uploads\/2016\/10\/schluesselanhaenger-prachtstueck-s1.jpg","contentUrl":"https:\/\/www.kontaktil.com\/wp-content\/uploads\/2016\/10\/schluesselanhaenger-prachtstueck-s1.jpg","width":1500,"height":1500,"caption":"Schl\u00fcsselanh\u00e4nger Filz Tier Design Tirol Wolle Hirsch Geschenk J\u00e4ger F\u00f6rster"},{"@type":"BreadcrumbList","@id":"https:\/\/www.kontaktil.com\/en\/product\/prachtstueck-key-chain\/#breadcrumb","itemListElement":[{"@type":"ListItem","position":1,"name":"Shop","item":"https:\/\/www.kontaktil.com\/en\/"},{"@type":"ListItem","position":2,"name":"Shop","item":"https:\/\/www.kontaktil.com\/en\/shop-2\/"},{"@type":"ListItem","position":3,"name":"Accessories","item":"https:\/\/www.kontaktil.com\/en\/product-category\/accessories\/"},{"@type":"ListItem","position":4,"name":"Key chains","item":"https:\/\/www.kontaktil.com\/en\/product-category\/accessories\/key-chains\/"},{"@type":"ListItem","position":5,"name":"Prachtst\u00fcck Key Chain"}]},{"@type":"WebSite","@id":"https:\/\/www.kontaktil.com\/en\/#website","url":"https:\/\/www.kontaktil.com\/en\/","name":"KONTAKTIL...","description":"Webshop","publisher":{"@id":"https:\/\/www.kontaktil.com\/en\/#organization"},"potentialAction":[{"@type":"SearchAction","target":{"@type":"EntryPoint","urlTemplate":"https:\/\/www.kontaktil.com\/en\/?s={search_term_string}"},"query-input":{"@type":"PropertyValueSpecification","valueRequired":true,"valueName":"search_term_string"}}],"inLanguage":"en"},{"@type":"Organization","@id":"https:\/\/www.kontaktil.com\/en\/#organization","name":"KONTAKTIL","url":"https:\/\/www.kontaktil.com\/en\/","logo":{"@type":"ImageObject","inLanguage":"en","@id":"https:\/\/www.kontaktil.com\/en\/#\/schema\/logo\/image\/","url":"https:\/\/www.kontaktil.com\/wp-content\/uploads\/2017\/02\/Kontaktil-Textile-Feinheiten-Innsbruck.jpg","contentUrl":"https:\/\/www.kontaktil.com\/wp-content\/uploads\/2017\/02\/Kontaktil-Textile-Feinheiten-Innsbruck.jpg","width":1800,"height":1800,"caption":"KONTAKTIL"},"image":{"@id":"https:\/\/www.kontaktil.com\/en\/#\/schema\/logo\/image\/"},"sameAs":["https:\/\/www.facebook.com\/kontaktil\/"]}]}},"_links":{"self":[{"href":"https:\/\/www.kontaktil.com\/en\/wp-json\/wp\/v2\/product\/3163","targetHints":{"allow":["GET"]}}],"collection":[{"href":"https:\/\/www.kontaktil.com\/en\/wp-json\/wp\/v2\/product"}],"about":[{"href":"https:\/\/www.kontaktil.com\/en\/wp-json\/wp\/v2\/types\/product"}],"wp:featuredmedia":[{"embeddable":true,"href":"https:\/\/www.kontaktil.com\/en\/wp-json\/wp\/v2\/media\/3641"}],"wp:attachment":[{"href":"https:\/\/www.kontaktil.com\/en\/wp-json\/wp\/v2\/media?parent=3163"}],"wp:term":[{"taxonomy":"product_brand","embeddable":true,"href":"https:\/\/www.kontaktil.com\/en\/wp-json\/wp\/v2\/product_brand?post=3163"},{"taxonomy":"product_cat","embeddable":true,"href":"https:\/\/www.kontaktil.com\/en\/wp-json\/wp\/v2\/product_cat?post=3163"},{"taxonomy":"product_tag","embeddable":true,"href":"https:\/\/www.kontaktil.com\/en\/wp-json\/wp\/v2\/product_tag?post=3163"}],"curies":[{"name":"wp","href":"https:\/\/api.w.org\/{rel}","templated":true}]}}